{"id":86,"date":"2015-10-30T16:18:47","date_gmt":"2015-10-30T15:18:47","guid":{"rendered":"http:\/\/www.kloster-aiterhofen.de\/Wordpress\/wordpress\/?page_id=86"},"modified":"2015-11-14T16:35:35","modified_gmt":"2015-11-14T15:35:35","slug":"willkommen-auf-der-seite-der-bfs-aiterhofen","status":"publish","type":"page","link":"http:\/\/www.kloster-aiterhofen.de\/Wordpress\/wordpress\/willkommen-auf-der-seite-der-bfs-aiterhofen\/","title":{"rendered":"Willkommen"},"content":{"rendered":"<p><strong>Wir begr\u00fc\u00dfen Sie herzlich auf der Seite der BFS Altenpflege\/hilfe Aiterhofen.<\/strong><\/p>\n<p>Am 10.10.2015 wurde das 30-j\u00e4hrige Jubil\u00e4um gefeiert. Es war ein Tag mit vielen Begegnungen. Aus allen Kursen der vergangenen Jahre (insgesamt wurden bereits ca. 660 Altenpfleger\/innen und Pflegefachhelfer\/innen ausgebildet) fanden sich Gruppen in ihren ehemaligen Kursen wieder und nutzten die Zeit zum Austausch und zur Erinnerung. Mit einem Dankgottesdienst schlo\u00df der ereignisreiche Tag. Aus diesem Anlass spendete Bgm Kr\u00e4 einen Betrag von 3.000 EUR an den F\u00f6rderverein der BFS. Fotos finden Sie unter &#8222;Ehemalige&#8220;.<\/p>\n<figure id=\"attachment_127\" aria-describedby=\"caption-attachment-127\" style=\"width: 150px\" class=\"wp-caption alignleft\"><a href=\"http:\/\/www.kloster-aiterhofen.de\/Wordpress\/wordpress\/wp-content\/uploads\/2015\/10\/P10900781.jpg\"><img data-attachment-id=\"127\" data-permalink=\"http:\/\/www.kloster-aiterhofen.de\/Wordpress\/wordpress\/willkommen-auf-der-seite-der-bfs-aiterhofen\/p1090078-2\/\" data-orig-file=\"http:\/\/www.kloster-aiterhofen.de\/Wordpress\/wordpress\/wp-content\/uploads\/2015\/10\/P10900781.jpg\" data-orig-size=\"400,300\" data-comments-opened=\"0\" data-image-meta=\"{&quot;aperture&quot;:&quot;2.8&quot;,&quot;credit&quot;:&quot;&quot;,&quot;camera&quot;:&quot;DMC-FX55&quot;,&quot;caption&quot;:&quot;&quot;,&quot;created_timestamp&quot;:&quot;1444489098&quot;,&quot;copyright&quot;:&quot;&quot;,&quot;focal_length&quot;:&quot;4.6&quot;,&quot;iso&quot;:&quot;200&quot;,&quot;shutter_speed&quot;:&quot;0.033333333333333&quot;,&quot;title&quot;:&quot;&quot;,&quot;orientation&quot;:&quot;0&quot;}\" data-image-title=\"P1090078\" data-image-description=\"\" data-image-caption=\"&lt;p&gt;Sr. Anita mit Gru\u00dfwort&lt;\/p&gt;\n\" data-medium-file=\"http:\/\/www.kloster-aiterhofen.de\/Wordpress\/wordpress\/wp-content\/uploads\/2015\/10\/P10900781-300x225.jpg\" data-large-file=\"http:\/\/www.kloster-aiterhofen.de\/Wordpress\/wordpress\/wp-content\/uploads\/2015\/10\/P10900781.jpg\" decoding=\"async\" loading=\"lazy\" class=\"wp-image-127 size-thumbnail\" src=\"http:\/\/www.kloster-aiterhofen.de\/Wordpress\/wordpress\/wp-content\/uploads\/2015\/10\/P10900781-150x150.jpg\" alt=\"Sr. Anita mit Gru\u00dfwort\" width=\"150\" height=\"150\" \/><\/a><figcaption id=\"caption-attachment-127\" class=\"wp-caption-text\">Sr. Anita mit Gru\u00dfwort<\/figcaption><\/figure>\n","protected":false},"excerpt":{"rendered":"<p>Wir begr\u00fc\u00dfen Sie herzlich auf der Seite der BFS Altenpflege\/hilfe Aiterhofen. Am 10.10.2015 wurde das 30-j\u00e4hrige Jubil\u00e4um gefeiert. Es war ein Tag mit vielen Begegnungen. Aus allen Kursen der vergangenen Jahre (insgesamt wurden bereits ca. 660 Altenpfleger\/innen und Pflegefachhelfer\/innen ausgebildet) <a class=\"more-link\" href=\"http:\/\/www.kloster-aiterhofen.de\/Wordpress\/wordpress\/willkommen-auf-der-seite-der-bfs-aiterhofen\/\">weiterlesen  <span class=\"screen-reader-text\">  Willkommen<\/span><span class=\"meta-nav\">&rarr;<\/span><\/a><\/p>\n","protected":false},"author":1,"featured_media":0,"parent":0,"menu_order":0,"comment_status":"closed","ping_status":"closed","template":"","meta":{"footnotes":""},"_links":{"self":[{"href":"http:\/\/www.kloster-aiterhofen.de\/Wordpress\/wordpress\/wp-json\/wp\/v2\/pages\/86"}],"collection":[{"href":"http:\/\/www.kloster-aiterhofen.de\/Wordpress\/wordpress\/wp-json\/wp\/v2\/pages"}],"about":[{"href":"http:\/\/www.kloster-aiterhofen.de\/Wordpress\/wordpress\/wp-json\/wp\/v2\/types\/page"}],"author":[{"embeddable":true,"href":"http:\/\/www.kloster-aiterhofen.de\/Wordpress\/wordpress\/wp-json\/wp\/v2\/users\/1"}],"replies":[{"embeddable":true,"href":"http:\/\/www.kloster-aiterhofen.de\/Wordpress\/wordpress\/wp-json\/wp\/v2\/comments?post=86"}],"version-history":[{"count":11,"href":"http:\/\/www.kloster-aiterhofen.de\/Wordpress\/wordpress\/wp-json\/wp\/v2\/pages\/86\/revisions"}],"predecessor-version":[{"id":304,"href":"http:\/\/www.kloster-aiterhofen.de\/Wordpress\/wordpress\/wp-json\/wp\/v2\/pages\/86\/revisions\/304"}],"wp:attachment":[{"href":"http:\/\/www.kloster-aiterhofen.de\/Wordpress\/wordpress\/wp-json\/wp\/v2\/media?parent=86"}],"curies":[{"name":"wp","href":"https:\/\/api.w.org\/{rel}","templated":true}]}}