{"id":51,"date":"2015-10-29T14:47:37","date_gmt":"2015-10-29T13:47:37","guid":{"rendered":"http:\/\/www.kloster-aiterhofen.de\/Wordpress\/wordpress\/?page_id=51"},"modified":"2023-12-18T14:02:34","modified_gmt":"2023-12-18T13:02:34","slug":"foerderverein","status":"publish","type":"page","link":"http:\/\/www.kloster-aiterhofen.de\/Wordpress\/wordpress\/foerderverein\/","title":{"rendered":"F\u00f6rderverein"},"content":{"rendered":"<table id=\"table1\" style=\"height: 342px;\" border=\"0\" width=\"701\">\n<tbody>\n<tr>\n<td width=\"64%\"><b> <span style=\"color: #800000; font-family: Arial; font-size: large;\">Verein der Freude und F\u00f6rderer der privaten Berufsfachschule<br \/>f\u00fcr Pflege und Altenpflegehilfe der Franziskanerinnen in Aiterhofen<\/span><\/b><\/td>\n<\/tr>\n<tr>\n<td colspan=\"2\">\n<ul>\n<li>Bei der Mitgliederversammlung 2023 wurde eine die Leitung des F\u00f6rdervereins gew\u00e4hlt.<br \/>1. Vorsitzende wie bisher: Saskia Brehm<br \/>2. Vorsitzender: Tobias Bachmeier<br \/>Kassierin: Martina Schinh\u00e4rl<br \/>Schriftf\u00fchrerin: Gabi Finger<\/li>\n<li>Beisitzerinnen sind: Sr. Anita Heimerl, Sr. Maria Kreiner, Franziska Ernst, Brigitte Schneider, Marile Lanzendorfer, Gabi Goczol und Melanie Perl.<br \/>Kassenpr\u00fcferin: Sr. Andrea Six<span style=\"font-family: Arial; font-size: small;\"><br \/><\/span><\/li>\n<li>\u00a0<\/li>\n<\/ul>\n<\/td>\n<\/tr>\n<\/tbody>\n<\/table>\n\n\n<figure class=\"wp-block-image size-large\"><a href=\"https:\/\/www.kloster-aiterhofen.de\/Wordpress\/wordpress\/wp-content\/uploads\/2023\/12\/Bild1.jpg\"><img data-attachment-id=\"3913\" data-permalink=\"http:\/\/www.kloster-aiterhofen.de\/Wordpress\/wordpress\/foerderverein\/bild1\/\" data-orig-file=\"http:\/\/www.kloster-aiterhofen.de\/Wordpress\/wordpress\/wp-content\/uploads\/2023\/12\/Bild1.jpg\" data-orig-size=\"1283,963\" data-comments-opened=\"0\" data-image-meta=\"{&quot;aperture&quot;:&quot;0&quot;,&quot;credit&quot;:&quot;&quot;,&quot;camera&quot;:&quot;&quot;,&quot;caption&quot;:&quot;&quot;,&quot;created_timestamp&quot;:&quot;0&quot;,&quot;copyright&quot;:&quot;&quot;,&quot;focal_length&quot;:&quot;0&quot;,&quot;iso&quot;:&quot;0&quot;,&quot;shutter_speed&quot;:&quot;0&quot;,&quot;title&quot;:&quot;&quot;,&quot;orientation&quot;:&quot;0&quot;}\" data-image-title=\"Bild1\" data-image-description=\"\" data-image-caption=\"\" data-medium-file=\"http:\/\/www.kloster-aiterhofen.de\/Wordpress\/wordpress\/wp-content\/uploads\/2023\/12\/Bild1-300x225.jpg\" data-large-file=\"http:\/\/www.kloster-aiterhofen.de\/Wordpress\/wordpress\/wp-content\/uploads\/2023\/12\/Bild1-1024x769.jpg\" decoding=\"async\" loading=\"lazy\" width=\"1024\" height=\"769\" src=\"https:\/\/www.kloster-aiterhofen.de\/Wordpress\/wordpress\/wp-content\/uploads\/2023\/12\/Bild1-1024x769.jpg\" alt=\"\" class=\"wp-image-3913\" srcset=\"http:\/\/www.kloster-aiterhofen.de\/Wordpress\/wordpress\/wp-content\/uploads\/2023\/12\/Bild1-1024x769.jpg 1024w, http:\/\/www.kloster-aiterhofen.de\/Wordpress\/wordpress\/wp-content\/uploads\/2023\/12\/Bild1-300x225.jpg 300w, http:\/\/www.kloster-aiterhofen.de\/Wordpress\/wordpress\/wp-content\/uploads\/2023\/12\/Bild1-768x576.jpg 768w, http:\/\/www.kloster-aiterhofen.de\/Wordpress\/wordpress\/wp-content\/uploads\/2023\/12\/Bild1.jpg 1283w\" sizes=\"(max-width: 1024px) 100vw, 1024px\" \/><\/a><\/figure>\n","protected":false},"excerpt":{"rendered":"<p>Verein der Freude und F\u00f6rderer der privaten Berufsfachschulef\u00fcr Pflege und Altenpflegehilfe der Franziskanerinnen in Aiterhofen Bei der Mitgliederversammlung 2023 wurde eine die Leitung des F\u00f6rdervereins gew\u00e4hlt.1. Vorsitzende wie bisher: Saskia Brehm2. Vorsitzender: Tobias BachmeierKassierin: Martina Schinh\u00e4rlSchriftf\u00fchrerin: Gabi Finger Beisitzerinnen sind: <a class=\"more-link\" href=\"http:\/\/www.kloster-aiterhofen.de\/Wordpress\/wordpress\/foerderverein\/\">weiterlesen  <span class=\"screen-reader-text\">  F\u00f6rderverein<\/span><span class=\"meta-nav\">&rarr;<\/span><\/a><\/p>\n","protected":false},"author":1,"featured_media":0,"parent":0,"menu_order":0,"comment_status":"closed","ping_status":"closed","template":"","meta":{"footnotes":""},"_links":{"self":[{"href":"http:\/\/www.kloster-aiterhofen.de\/Wordpress\/wordpress\/wp-json\/wp\/v2\/pages\/51"}],"collection":[{"href":"http:\/\/www.kloster-aiterhofen.de\/Wordpress\/wordpress\/wp-json\/wp\/v2\/pages"}],"about":[{"href":"http:\/\/www.kloster-aiterhofen.de\/Wordpress\/wordpress\/wp-json\/wp\/v2\/types\/page"}],"author":[{"embeddable":true,"href":"http:\/\/www.kloster-aiterhofen.de\/Wordpress\/wordpress\/wp-json\/wp\/v2\/users\/1"}],"replies":[{"embeddable":true,"href":"http:\/\/www.kloster-aiterhofen.de\/Wordpress\/wordpress\/wp-json\/wp\/v2\/comments?post=51"}],"version-history":[{"count":32,"href":"http:\/\/www.kloster-aiterhofen.de\/Wordpress\/wordpress\/wp-json\/wp\/v2\/pages\/51\/revisions"}],"predecessor-version":[{"id":3914,"href":"http:\/\/www.kloster-aiterhofen.de\/Wordpress\/wordpress\/wp-json\/wp\/v2\/pages\/51\/revisions\/3914"}],"wp:attachment":[{"href":"http:\/\/www.kloster-aiterhofen.de\/Wordpress\/wordpress\/wp-json\/wp\/v2\/media?parent=51"}],"curies":[{"name":"wp","href":"https:\/\/api.w.org\/{rel}","templated":true}]}}