{"id":2768,"date":"2021-03-10T11:09:57","date_gmt":"2021-03-10T10:09:57","guid":{"rendered":"http:\/\/www.kloster-aiterhofen.de\/Wordpress\/wordpress\/?page_id=2768"},"modified":"2023-03-16T09:13:10","modified_gmt":"2023-03-16T08:13:10","slug":"zeitungsberichte","status":"publish","type":"page","link":"http:\/\/www.kloster-aiterhofen.de\/Wordpress\/wordpress\/zeitungsberichte\/","title":{"rendered":"Zeitungsberichte"},"content":{"rendered":"\n<p>erschienen in der Mediengruppe Straubinger Tagblatt<\/p>\n\n\n\n<p><\/p>\n\n\n\n<ul><li><a href=\"http:\/\/www.kloster-aiterhofen.de\/Wordpress\/wordpress\/wp-content\/uploads\/2023\/03\/maerz23.pdf\">Freude an der Arbeit mit Menschen<\/a><\/li><li><a href=\"http:\/\/www.kloster-aiterhofen.de\/Wordpress\/wordpress\/wp-content\/uploads\/2023\/01\/von-nix.pdf\">Von Nix kommt nix<\/a><\/li><li><a href=\"http:\/\/www.kloster-aiterhofen.de\/Wordpress\/wordpress\/wp-content\/uploads\/2022\/10\/mit-hand-und-Herz.pdf\">Neues Ausbildungsjahr im Klinikum und MVZ<\/a><\/li><li><a href=\"http:\/\/www.kloster-aiterhofen.de\/Wordpress\/wordpress\/wp-content\/uploads\/2022\/10\/bogen.pdf\">Neue Auszubildende in der Klinik Bogen<\/a><\/li><li><a href=\"http:\/\/www.kloster-aiterhofen.de\/Wordpress\/wordpress\/wp-content\/uploads\/2022\/04\/3.NoName-002.pdf\">Bericht vom Tag der offenen T\u00fcr 2022<\/a><\/li><li><a rel=\"noreferrer noopener\" href=\"http:\/\/www.kloster-aiterhofen.de\/Wordpress\/wordpress\/wp-content\/uploads\/2021\/10\/buergerspital_artikel2021.png\" target=\"_blank\">Ausbildungsstart in der B\u00fcrgerspitalstiftung<\/a><\/li><li><a rel=\"noreferrer noopener\" href=\"http:\/\/www.kloster-aiterhofen.de\/Wordpress\/wordpress\/wp-content\/uploads\/2021\/10\/klinikbogen_zeitung2021.png\" target=\"_blank\">Ausbildungsstart in der Klinik Bogen<\/a><\/li><li><a rel=\"noreferrer noopener\" href=\"http:\/\/www.kloster-aiterhofen.de\/Wordpress\/wordpress\/wp-content\/uploads\/2021\/08\/BFS-Abschluss-3jaehrig.png\" target=\"_blank\">Abschlussfeier staatlich gepr\u00fcfte Altenpfleger*innen<\/a><\/li><li><a href=\"http:\/\/www.kloster-aiterhofen.de\/Wordpress\/wordpress\/wp-content\/uploads\/2021\/08\/abschluss-5.08.2021.png\">Abschlussfeier Pflegefachhelfer (Alten- und Krankenpflege)<\/a><\/li><li><a href=\"http:\/\/www.kloster-aiterhofen.de\/Wordpress\/wordpress\/wp-content\/uploads\/2021\/07\/BFS_Aiterhofen_DKMS_kurz.pdf\">Sch\u00fcler unterst\u00fctzen Kampf gegen Leuk\u00e4mie (16.07.2021 Straubinger Tagblatt)<\/a><\/li><li><a href=\"http:\/\/www.kloster-aiterhofen.de\/Wordpress\/wordpress\/wp-content\/uploads\/2021\/06\/zeitung-Juni.png\">Neue Art des Pflegeunterrichts<\/a><\/li><li><a href=\"http:\/\/www.kloster-aiterhofen.de\/Wordpress\/wordpress\/wp-content\/uploads\/2021\/04\/zeitung-prf.png\">&#8222;Vom Klatschen ist nichts mehr \u00fcbrig&#8220; Alltag in Corona-Zeiten&#8220;<\/a><\/li><li><a rel=\"noreferrer noopener\" href=\"http:\/\/www.kloster-aiterhofen.de\/Wordpress\/wordpress\/wp-content\/uploads\/2021\/03\/025_TAG_ZTG_22_120221-scaled.jpg\" target=\"_blank\">Ausbildungsinfo<\/a><\/li><li><a rel=\"noreferrer noopener\" href=\"http:\/\/www.kloster-aiterhofen.de\/Wordpress\/wordpress\/wp-content\/uploads\/2021\/03\/013_BOG_ZTG_00_080221.pdf\" target=\"_blank\">&#8222;Wegen Waisenkindern und Kranken&#8220;<\/a><\/li><li><a rel=\"noreferrer noopener\" href=\"http:\/\/www.kloster-aiterhofen.de\/Wordpress\/wordpress\/wp-content\/uploads\/2021\/03\/013_BOG_ZTG_00_080221.pdf\" target=\"_blank\">&#8222;Ausbildung auch im Krankenhaus&#8220;<\/a><\/li><li><a rel=\"noreferrer noopener\" href=\"http:\/\/www.kloster-aiterhofen.de\/Wordpress\/wordpress\/wp-content\/uploads\/2021\/03\/037_TAG_ZTG_22_120221.pdf\" target=\"_blank\">&#8222;Hilfsbed\u00fcrftige umsorgen&#8220;<\/a><\/li><li><a rel=\"noreferrer noopener\" href=\"http:\/\/www.kloster-aiterhofen.de\/Wordpress\/wordpress\/wp-content\/uploads\/2021\/03\/2021-03-06_Straubinger_Tagblatt.pdf\" target=\"_blank\">&#8222;Nicht in der Opferrolle &#8211; Makamba Sidibe&#8220;<\/a><\/li><li><a rel=\"noreferrer noopener\" href=\"http:\/\/www.kloster-aiterhofen.de\/Wordpress\/wordpress\/wp-content\/uploads\/2021\/03\/Straubinger-Tagblatt-15.2.2021-S.21.pdf\" target=\"_blank\">&#8222;Einen Stempel vor dem Ziel&#8220;<\/a><\/li><li><a href=\"http:\/\/www.kloster-aiterhofen.de\/Wordpress\/wordpress\/wp-content\/uploads\/2022\/02\/05.02.2022.pdf\">Heimat<\/a><\/li><li><a href=\"http:\/\/www.kloster-aiterhofen.de\/Wordpress\/wordpress\/wp-content\/uploads\/2022\/02\/Huber.pdf\">Ausbildung zum Pflegehelfer &#8211; Straubinger Tagblatt vom 18.02.2022<\/a><\/li><li><a href=\"http:\/\/www.kloster-aiterhofen.de\/Wordpress\/wordpress\/wp-content\/uploads\/2022\/03\/Kinsaesthetik.pdf\">Kin\u00e4sthetikkurs f\u00fcr K 39<\/a><\/li><\/ul>\n\n\n\n<p><\/p>\n","protected":false},"excerpt":{"rendered":"<p>erschienen in der Mediengruppe Straubinger Tagblatt Freude an der Arbeit mit Menschen Von Nix kommt nix Neues Ausbildungsjahr im Klinikum und MVZ Neue Auszubildende in der Klinik Bogen Bericht vom Tag der offenen T\u00fcr 2022 Ausbildungsstart in der B\u00fcrgerspitalstiftung Ausbildungsstart <a class=\"more-link\" href=\"http:\/\/www.kloster-aiterhofen.de\/Wordpress\/wordpress\/zeitungsberichte\/\">weiterlesen  <span class=\"screen-reader-text\">  Zeitungsberichte<\/span><span class=\"meta-nav\">&rarr;<\/span><\/a><\/p>\n","protected":false},"author":1,"featured_media":0,"parent":0,"menu_order":0,"comment_status":"closed","ping_status":"closed","template":"","meta":{"footnotes":""},"_links":{"self":[{"href":"http:\/\/www.kloster-aiterhofen.de\/Wordpress\/wordpress\/wp-json\/wp\/v2\/pages\/2768"}],"collection":[{"href":"http:\/\/www.kloster-aiterhofen.de\/Wordpress\/wordpress\/wp-json\/wp\/v2\/pages"}],"about":[{"href":"http:\/\/www.kloster-aiterhofen.de\/Wordpress\/wordpress\/wp-json\/wp\/v2\/types\/page"}],"author":[{"embeddable":true,"href":"http:\/\/www.kloster-aiterhofen.de\/Wordpress\/wordpress\/wp-json\/wp\/v2\/users\/1"}],"replies":[{"embeddable":true,"href":"http:\/\/www.kloster-aiterhofen.de\/Wordpress\/wordpress\/wp-json\/wp\/v2\/comments?post=2768"}],"version-history":[{"count":33,"href":"http:\/\/www.kloster-aiterhofen.de\/Wordpress\/wordpress\/wp-json\/wp\/v2\/pages\/2768\/revisions"}],"predecessor-version":[{"id":3708,"href":"http:\/\/www.kloster-aiterhofen.de\/Wordpress\/wordpress\/wp-json\/wp\/v2\/pages\/2768\/revisions\/3708"}],"wp:attachment":[{"href":"http:\/\/www.kloster-aiterhofen.de\/Wordpress\/wordpress\/wp-json\/wp\/v2\/media?parent=2768"}],"curies":[{"name":"wp","href":"https:\/\/api.w.org\/{rel}","templated":true}]}}