{"id":200,"date":"2019-10-03T11:17:35","date_gmt":"2019-10-03T09:17:35","guid":{"rendered":"http:\/\/www.kloster-aiterhofen.de\/Wordpress\/wordpress\/?page_id=200"},"modified":"2023-03-30T09:52:32","modified_gmt":"2023-03-30T07:52:32","slug":"lehrerkollegium","status":"publish","type":"page","link":"http:\/\/www.kloster-aiterhofen.de\/Wordpress\/wordpress\/lehrerkollegium\/","title":{"rendered":"Lehrerkollegium"},"content":{"rendered":"<p><strong>Schulleiterin: Martina Schinh\u00e4rl<\/strong><br \/>\n<em>Krankenschwester, Pflegep\u00e4dagogin (Bachelor of Art), Bilanzbuchhalterin, <\/em><em>Qualit\u00e4tsmanagement-Auditorin T\u00dcV<\/em><\/p>\n<p><strong>Stellv. Schulleiter: Johannes Eckl <\/strong><strong><em><br \/>\n<\/em><\/strong><em>Pflegep\u00e4dagoge (Bachelor of Art), Gesundheits- und Krankenpfleger, Praxisanleiter<\/em><\/p>\n<p><strong><strong>Tr\u00e4gervertreterin: Schw. Maria Kreiner<\/strong><br \/>\n<\/strong><em>Generaloberin der Franziskanerinnen v. Aiterhofen<br \/>\n<\/em><\/p>\n<p><strong>Lehrerkollegium:<\/strong><strong><br \/>\n<\/strong><\/p>\n<p><strong>Kerstin Bayer<\/strong><strong><br \/>\n<\/strong><em>Pflegep\u00e4dagogin B. A., Pflegeberatung \u00a7 7a SGB XI<br \/>\n<\/em><\/p>\n<p><strong>Saskia Brehm<\/strong><strong><br \/>\n<\/strong><em>Krankenschwester, Lehrerin f\u00fcr Pflegeberufe<\/em><\/p>\n<p><strong>Gabi Buchner<\/strong><strong><br \/>\n<\/strong><em>Lehrkraft f\u00fcr Sozialkunde<\/em><\/p>\n<p><strong>Katrin Dengler<\/strong><br \/>\n<em>Gesundheits- und Krankenpflegerin<\/em><\/p>\n<p><strong>Gabriela Goczol<\/strong><strong><br \/>\n<\/strong><em>staat. anerk. Altenpflegerin, Studentin der Pflegep\u00e4dagogik<br \/>\n<\/em><\/p>\n<p><strong>Christiane Jungwirth<br \/>\n<\/strong><em>Gesundheits- und Kinderkrankenpflegerin<\/em><\/p>\n<p><strong>Sabine Kastl<\/strong><br \/>\n<em>staatl. anerk. Altenpflegerin<\/em><\/p>\n<p><strong>Dr. Katrin Kunze-R\u00f6sner<\/strong><em><strong><br \/>\n<\/strong>\u00c4rztin<\/em><\/p>\n<p><strong>Marile Lanzendorfer<\/strong><em><br \/>\nAltenpflegerin, Verantwortliche Pflegefachkraft\/Fachperson f\u00fcr Palliative Care, Kin\u00e4sthetik Peer-Tutor.<\/em><\/p>\n<p><strong>Johanna Muthmann<\/strong><em><br \/>\nRechtsanw\u00e4ltin<\/em><\/p>\n<p><strong>Melanie Perl<\/strong><br \/>\n<em>staatl. anerk.\u00a0 Altenpflegerin<\/em><\/p>\n<p><strong>Alexandra Schwientek<br \/>\n<\/strong><em>Pflegep\u00e4dagogin B.A., Gerontologin M. Sc, Pflegeberaterin \u00a7 7a SGB XI, Gedenkst\u00e4ttenp\u00e4dagogin<\/em><\/p>\n<p><strong>Schw. Klara Hofer<\/strong><em><strong><br \/>\n<\/strong>Lehrkraft f\u00fcr IT, B-Kirchenmusikerin, Musiklehrerin<\/em><em>, Erzieherin<\/em><\/p>\n","protected":false},"excerpt":{"rendered":"<p>Schulleiterin: Martina Schinh\u00e4rl Krankenschwester, Pflegep\u00e4dagogin (Bachelor of Art), Bilanzbuchhalterin, Qualit\u00e4tsmanagement-Auditorin T\u00dcV Stellv. Schulleiter: Johannes Eckl Pflegep\u00e4dagoge (Bachelor of Art), Gesundheits- und Krankenpfleger, Praxisanleiter Tr\u00e4gervertreterin: Schw. Maria Kreiner Generaloberin der Franziskanerinnen v. Aiterhofen Lehrerkollegium: Kerstin Bayer Pflegep\u00e4dagogin B. A., Pflegeberatung \u00a7 <a class=\"more-link\" href=\"http:\/\/www.kloster-aiterhofen.de\/Wordpress\/wordpress\/lehrerkollegium\/\">weiterlesen  <span class=\"screen-reader-text\">  Lehrerkollegium<\/span><span class=\"meta-nav\">&rarr;<\/span><\/a><\/p>\n","protected":false},"author":1,"featured_media":1479,"parent":0,"menu_order":0,"comment_status":"closed","ping_status":"closed","template":"","meta":{"footnotes":""},"_links":{"self":[{"href":"http:\/\/www.kloster-aiterhofen.de\/Wordpress\/wordpress\/wp-json\/wp\/v2\/pages\/200"}],"collection":[{"href":"http:\/\/www.kloster-aiterhofen.de\/Wordpress\/wordpress\/wp-json\/wp\/v2\/pages"}],"about":[{"href":"http:\/\/www.kloster-aiterhofen.de\/Wordpress\/wordpress\/wp-json\/wp\/v2\/types\/page"}],"author":[{"embeddable":true,"href":"http:\/\/www.kloster-aiterhofen.de\/Wordpress\/wordpress\/wp-json\/wp\/v2\/users\/1"}],"replies":[{"embeddable":true,"href":"http:\/\/www.kloster-aiterhofen.de\/Wordpress\/wordpress\/wp-json\/wp\/v2\/comments?post=200"}],"version-history":[{"count":27,"href":"http:\/\/www.kloster-aiterhofen.de\/Wordpress\/wordpress\/wp-json\/wp\/v2\/pages\/200\/revisions"}],"predecessor-version":[{"id":3720,"href":"http:\/\/www.kloster-aiterhofen.de\/Wordpress\/wordpress\/wp-json\/wp\/v2\/pages\/200\/revisions\/3720"}],"wp:featuredmedia":[{"embeddable":true,"href":"http:\/\/www.kloster-aiterhofen.de\/Wordpress\/wordpress\/wp-json\/wp\/v2\/media\/1479"}],"wp:attachment":[{"href":"http:\/\/www.kloster-aiterhofen.de\/Wordpress\/wordpress\/wp-json\/wp\/v2\/media?parent=200"}],"curies":[{"name":"wp","href":"https:\/\/api.w.org\/{rel}","templated":true}]}}