{"id":17,"date":"2015-10-26T11:07:45","date_gmt":"2015-10-26T10:07:45","guid":{"rendered":"http:\/\/www.kloster-aiterhofen.de\/Wordpress\/wordpress\/?page_id=17"},"modified":"2021-09-16T15:45:05","modified_gmt":"2021-09-16T13:45:05","slug":"impressum","status":"publish","type":"page","link":"http:\/\/www.kloster-aiterhofen.de\/Wordpress\/wordpress\/impressum\/","title":{"rendered":"Impressum"},"content":{"rendered":"<p style=\"text-align: left;\"><span style=\"text-decoration: underline; color: #800000;\"><strong>Impressum:<\/strong><\/span><\/p>\n<p style=\"text-align: left;\"><strong><span style=\"color: #800000;\">Berufsfachschule f\u00fcr Altenpflege und Altenpflegehilfe <\/span><br \/>\n<span style=\"color: #800000;\">der Franziskanerinnen Aiterhofen<\/span><br \/>\n<\/strong>staatlich anerkannt und zertifiziert nach ZAV<\/p>\n<p style=\"text-align: left;\"><span style=\"color: #333333;\"><strong>Schulleitung: Martina Schinh\u00e4rl<br \/>\nStellvertreter BFS: Johannes Eckl<\/p>\n<p><\/strong><\/span><\/p>\n<p style=\"text-align: left;\"><span style=\"color: #800000;\"><strong>Adresse:<br \/>\n<span style=\"color: #000000;\">BFS Aiterhofen<\/span><br \/>\n<span style=\"color: #000000;\">Schulgasse 9<\/span><br \/>\n<span style=\"color: #000000;\">94330 Aiterhofen<\/span><br \/>\n<span style=\"color: #000000;\">Tel. 09421 5517-26 (bzw. -45)<\/span><br \/>\n<span style=\"color: #000000;\">Fax 09421 5517-50<\/span><br \/>\n<span style=\"color: #000000;\">Mail: info@bfsaiterhofen.de<\/span><\/strong><\/span><\/p>\n<p style=\"text-align: left;\"><strong><span style=\"color: #800000;\">Schultr\u00e4ger:<br \/>\nFranziskanerinnenkloster Aiterhofen<br \/>\nGeneraloberin: Sr. Maria Kreiner<\/span><\/strong><\/p>\n<p style=\"text-align: left;\"><strong><span style=\"color: #800000;\">Haftungsausschluss:<br \/>\n<span style=\"font-family: Arial; font-size: small;\">Trotz sorgf\u00e4ltiger inhaltlicher Kontrolle \u00fcbernehmen wir keine Haftung f\u00fcr die Inhalte externer Links. F\u00fcr den Inhalt der verlinkten Seiten sind ausschlie\u00dflich deren Betreiber verantwortlich.<\/span><\/span><\/strong><\/p>\n","protected":false},"excerpt":{"rendered":"<p>Impressum: Berufsfachschule f\u00fcr Altenpflege und Altenpflegehilfe der Franziskanerinnen Aiterhofen staatlich anerkannt und zertifiziert nach ZAV Schulleitung: Martina Schinh\u00e4rl Stellvertreter BFS: Johannes Eckl Adresse: BFS Aiterhofen Schulgasse 9 94330 Aiterhofen Tel. 09421 5517-26 (bzw. -45) Fax 09421 5517-50 Mail: info@bfsaiterhofen.de Schultr\u00e4ger: <a class=\"more-link\" href=\"http:\/\/www.kloster-aiterhofen.de\/Wordpress\/wordpress\/impressum\/\">weiterlesen  <span class=\"screen-reader-text\">  Impressum<\/span><span class=\"meta-nav\">&rarr;<\/span><\/a><\/p>\n","protected":false},"author":1,"featured_media":0,"parent":0,"menu_order":2,"comment_status":"closed","ping_status":"closed","template":"","meta":{"footnotes":""},"_links":{"self":[{"href":"http:\/\/www.kloster-aiterhofen.de\/Wordpress\/wordpress\/wp-json\/wp\/v2\/pages\/17"}],"collection":[{"href":"http:\/\/www.kloster-aiterhofen.de\/Wordpress\/wordpress\/wp-json\/wp\/v2\/pages"}],"about":[{"href":"http:\/\/www.kloster-aiterhofen.de\/Wordpress\/wordpress\/wp-json\/wp\/v2\/types\/page"}],"author":[{"embeddable":true,"href":"http:\/\/www.kloster-aiterhofen.de\/Wordpress\/wordpress\/wp-json\/wp\/v2\/users\/1"}],"replies":[{"embeddable":true,"href":"http:\/\/www.kloster-aiterhofen.de\/Wordpress\/wordpress\/wp-json\/wp\/v2\/comments?post=17"}],"version-history":[{"count":9,"href":"http:\/\/www.kloster-aiterhofen.de\/Wordpress\/wordpress\/wp-json\/wp\/v2\/pages\/17\/revisions"}],"predecessor-version":[{"id":2993,"href":"http:\/\/www.kloster-aiterhofen.de\/Wordpress\/wordpress\/wp-json\/wp\/v2\/pages\/17\/revisions\/2993"}],"wp:attachment":[{"href":"http:\/\/www.kloster-aiterhofen.de\/Wordpress\/wordpress\/wp-json\/wp\/v2\/media?parent=17"}],"curies":[{"name":"wp","href":"https:\/\/api.w.org\/{rel}","templated":true}]}}