{"id":78,"date":"2015-11-18T09:31:14","date_gmt":"2015-11-18T08:31:14","guid":{"rendered":"http:\/\/www.kloster-aiterhofen.de\/Wordpress\/k_wordpress\/?page_id=78"},"modified":"2026-01-13T11:43:48","modified_gmt":"2026-01-13T10:43:48","slug":"provinz-st-clara-brasilien","status":"publish","type":"page","link":"http:\/\/www.kloster-aiterhofen.de\/Wordpress\/k_wordpress\/provinz-st-clara-brasilien\/","title":{"rendered":"Provinz Brasilien (auch auf facebook)"},"content":{"rendered":"\n<p class=\"has-black-color has-text-color has-link-color has-medium-font-size wp-elements-c1a385ea452b5e5abce40d87479d7cdf\">auch auf<a href=\"https:\/\/www.facebook.com\/franciscanasdapenitencia\"> <strong>Facecook <\/strong><\/a> oder <strong><a href=\"https:\/\/www.instagram.com\/franciscanasirmas\">Instagram<\/a><\/strong><\/p>\n\n\n<p>Seit 1935 sind Schwestern in Brasilien t\u00e4tig, seit 1992 auch in Bolivien in vielf\u00e4ltigen Stationen und Aufgaben.<\/p>\n\n\n<figure class=\"wp-block-gallery has-nested-images columns-default is-cropped wp-block-gallery-1 is-layout-flex wp-block-gallery-is-layout-flex\">\n<figure class=\"wp-block-image size-large\"><img loading=\"lazy\" decoding=\"async\" width=\"1024\" height=\"771\" data-id=\"1614\" src=\"https:\/\/www.kloster-aiterhofen.de\/Wordpress\/k_wordpress\/wp-content\/uploads\/KAFK0245-1024x771.jpg\" alt=\"\" class=\"wp-image-1614\" srcset=\"http:\/\/www.kloster-aiterhofen.de\/Wordpress\/k_wordpress\/wp-content\/uploads\/KAFK0245-1024x771.jpg 1024w, http:\/\/www.kloster-aiterhofen.de\/Wordpress\/k_wordpress\/wp-content\/uploads\/KAFK0245-300x226.jpg 300w, http:\/\/www.kloster-aiterhofen.de\/Wordpress\/k_wordpress\/wp-content\/uploads\/KAFK0245-768x578.jpg 768w, http:\/\/www.kloster-aiterhofen.de\/Wordpress\/k_wordpress\/wp-content\/uploads\/KAFK0245-1536x1156.jpg 1536w, http:\/\/www.kloster-aiterhofen.de\/Wordpress\/k_wordpress\/wp-content\/uploads\/KAFK0245.jpg 1600w\" sizes=\"auto, (max-width: 767px) 89vw, (max-width: 1000px) 54vw, (max-width: 1071px) 543px, 580px\" \/><\/figure>\n\n\n\n<figure class=\"wp-block-image size-large\"><img loading=\"lazy\" decoding=\"async\" width=\"1024\" height=\"771\" data-id=\"1615\" src=\"https:\/\/www.kloster-aiterhofen.de\/Wordpress\/k_wordpress\/wp-content\/uploads\/KGSO2199-1-1024x771.jpg\" alt=\"\" class=\"wp-image-1615\" srcset=\"http:\/\/www.kloster-aiterhofen.de\/Wordpress\/k_wordpress\/wp-content\/uploads\/KGSO2199-1-1024x771.jpg 1024w, http:\/\/www.kloster-aiterhofen.de\/Wordpress\/k_wordpress\/wp-content\/uploads\/KGSO2199-1-300x226.jpg 300w, http:\/\/www.kloster-aiterhofen.de\/Wordpress\/k_wordpress\/wp-content\/uploads\/KGSO2199-1-768x578.jpg 768w, http:\/\/www.kloster-aiterhofen.de\/Wordpress\/k_wordpress\/wp-content\/uploads\/KGSO2199-1-1536x1156.jpg 1536w, http:\/\/www.kloster-aiterhofen.de\/Wordpress\/k_wordpress\/wp-content\/uploads\/KGSO2199-1.jpg 1600w\" sizes=\"auto, (max-width: 767px) 89vw, (max-width: 1000px) 54vw, (max-width: 1071px) 543px, 580px\" \/><\/figure>\n\n\n\n<figure class=\"wp-block-image size-large\"><img loading=\"lazy\" decoding=\"async\" width=\"1024\" height=\"768\" data-id=\"1617\" src=\"https:\/\/www.kloster-aiterhofen.de\/Wordpress\/k_wordpress\/wp-content\/uploads\/NDMS4182-1024x768.jpg\" alt=\"\" class=\"wp-image-1617\" srcset=\"http:\/\/www.kloster-aiterhofen.de\/Wordpress\/k_wordpress\/wp-content\/uploads\/NDMS4182-1024x768.jpg 1024w, http:\/\/www.kloster-aiterhofen.de\/Wordpress\/k_wordpress\/wp-content\/uploads\/NDMS4182-300x225.jpg 300w, http:\/\/www.kloster-aiterhofen.de\/Wordpress\/k_wordpress\/wp-content\/uploads\/NDMS4182-768x576.jpg 768w, http:\/\/www.kloster-aiterhofen.de\/Wordpress\/k_wordpress\/wp-content\/uploads\/NDMS4182-1536x1152.jpg 1536w, http:\/\/www.kloster-aiterhofen.de\/Wordpress\/k_wordpress\/wp-content\/uploads\/NDMS4182.jpg 2000w\" sizes=\"auto, (max-width: 767px) 89vw, (max-width: 1000px) 54vw, (max-width: 1071px) 543px, 580px\" \/><\/figure>\n\n\n\n<figure class=\"wp-block-image size-large\"><img loading=\"lazy\" decoding=\"async\" width=\"1024\" height=\"768\" data-id=\"1616\" src=\"https:\/\/www.kloster-aiterhofen.de\/Wordpress\/k_wordpress\/wp-content\/uploads\/NVNM5741-1024x768.jpg\" alt=\"\" class=\"wp-image-1616\" srcset=\"http:\/\/www.kloster-aiterhofen.de\/Wordpress\/k_wordpress\/wp-content\/uploads\/NVNM5741-1024x768.jpg 1024w, http:\/\/www.kloster-aiterhofen.de\/Wordpress\/k_wordpress\/wp-content\/uploads\/NVNM5741-300x225.jpg 300w, http:\/\/www.kloster-aiterhofen.de\/Wordpress\/k_wordpress\/wp-content\/uploads\/NVNM5741-768x576.jpg 768w, http:\/\/www.kloster-aiterhofen.de\/Wordpress\/k_wordpress\/wp-content\/uploads\/NVNM5741-1536x1152.jpg 1536w, http:\/\/www.kloster-aiterhofen.de\/Wordpress\/k_wordpress\/wp-content\/uploads\/NVNM5741.jpg 1600w\" sizes=\"auto, (max-width: 767px) 89vw, (max-width: 1000px) 54vw, (max-width: 1071px) 543px, 580px\" \/><\/figure>\n\n\n\n<figure class=\"wp-block-image size-large\"><img loading=\"lazy\" decoding=\"async\" width=\"1024\" height=\"472\" data-id=\"1618\" src=\"https:\/\/www.kloster-aiterhofen.de\/Wordpress\/k_wordpress\/wp-content\/uploads\/QWQI5759-1024x472.jpg\" alt=\"\" class=\"wp-image-1618\" srcset=\"http:\/\/www.kloster-aiterhofen.de\/Wordpress\/k_wordpress\/wp-content\/uploads\/QWQI5759-1024x472.jpg 1024w, http:\/\/www.kloster-aiterhofen.de\/Wordpress\/k_wordpress\/wp-content\/uploads\/QWQI5759-300x138.jpg 300w, http:\/\/www.kloster-aiterhofen.de\/Wordpress\/k_wordpress\/wp-content\/uploads\/QWQI5759-768x354.jpg 768w, http:\/\/www.kloster-aiterhofen.de\/Wordpress\/k_wordpress\/wp-content\/uploads\/QWQI5759-1536x708.jpg 1536w, http:\/\/www.kloster-aiterhofen.de\/Wordpress\/k_wordpress\/wp-content\/uploads\/QWQI5759.jpg 1600w\" sizes=\"auto, (max-width: 767px) 89vw, (max-width: 1000px) 54vw, (max-width: 1071px) 543px, 580px\" \/><\/figure>\n<\/figure>\n\n\n\n<p>Zum 90-j\u00e4hrigen Missionsjubil\u00e4um haben die Schwestern eine Niederlassung im Staat Par\u00e1, im Amazonasgebiet begonnen.<\/p>\n\n\n\n<figure class=\"wp-block-gallery has-nested-images columns-default is-cropped wp-block-gallery-2 is-layout-flex wp-block-gallery-is-layout-flex\">\n<figure class=\"wp-block-image size-large\"><img loading=\"lazy\" decoding=\"async\" width=\"1008\" height=\"567\" data-id=\"1610\" src=\"https:\/\/www.kloster-aiterhofen.de\/Wordpress\/k_wordpress\/wp-content\/uploads\/2eaee55e-dd72-48e1-aa1c-4a5c4926a532.jpg\" alt=\"\" class=\"wp-image-1610\" srcset=\"http:\/\/www.kloster-aiterhofen.de\/Wordpress\/k_wordpress\/wp-content\/uploads\/2eaee55e-dd72-48e1-aa1c-4a5c4926a532.jpg 1008w, http:\/\/www.kloster-aiterhofen.de\/Wordpress\/k_wordpress\/wp-content\/uploads\/2eaee55e-dd72-48e1-aa1c-4a5c4926a532-300x169.jpg 300w, http:\/\/www.kloster-aiterhofen.de\/Wordpress\/k_wordpress\/wp-content\/uploads\/2eaee55e-dd72-48e1-aa1c-4a5c4926a532-768x432.jpg 768w\" sizes=\"auto, (max-width: 767px) 89vw, (max-width: 1000px) 54vw, (max-width: 1071px) 543px, 580px\" \/><\/figure>\n\n\n\n<figure class=\"wp-block-image size-large\"><img loading=\"lazy\" decoding=\"async\" width=\"576\" height=\"1024\" data-id=\"1611\" src=\"https:\/\/www.kloster-aiterhofen.de\/Wordpress\/k_wordpress\/wp-content\/uploads\/BYND3513-576x1024.jpg\" alt=\"\" class=\"wp-image-1611\" srcset=\"http:\/\/www.kloster-aiterhofen.de\/Wordpress\/k_wordpress\/wp-content\/uploads\/BYND3513-576x1024.jpg 576w, http:\/\/www.kloster-aiterhofen.de\/Wordpress\/k_wordpress\/wp-content\/uploads\/BYND3513-169x300.jpg 169w, http:\/\/www.kloster-aiterhofen.de\/Wordpress\/k_wordpress\/wp-content\/uploads\/BYND3513.jpg 720w\" sizes=\"auto, (max-width: 576px) 100vw, 576px\" \/><\/figure>\n\n\n\n<figure class=\"wp-block-image size-large\"><img loading=\"lazy\" decoding=\"async\" width=\"1024\" height=\"768\" data-id=\"1612\" src=\"https:\/\/www.kloster-aiterhofen.de\/Wordpress\/k_wordpress\/wp-content\/uploads\/e56313a4-449f-4601-bbc5-6f286b9b1d28-1024x768.jpg\" alt=\"\" class=\"wp-image-1612\" srcset=\"http:\/\/www.kloster-aiterhofen.de\/Wordpress\/k_wordpress\/wp-content\/uploads\/e56313a4-449f-4601-bbc5-6f286b9b1d28-1024x768.jpg 1024w, http:\/\/www.kloster-aiterhofen.de\/Wordpress\/k_wordpress\/wp-content\/uploads\/e56313a4-449f-4601-bbc5-6f286b9b1d28-300x225.jpg 300w, http:\/\/www.kloster-aiterhofen.de\/Wordpress\/k_wordpress\/wp-content\/uploads\/e56313a4-449f-4601-bbc5-6f286b9b1d28-768x576.jpg 768w, http:\/\/www.kloster-aiterhofen.de\/Wordpress\/k_wordpress\/wp-content\/uploads\/e56313a4-449f-4601-bbc5-6f286b9b1d28-1536x1152.jpg 1536w, http:\/\/www.kloster-aiterhofen.de\/Wordpress\/k_wordpress\/wp-content\/uploads\/e56313a4-449f-4601-bbc5-6f286b9b1d28.jpg 1600w\" sizes=\"auto, (max-width: 767px) 89vw, (max-width: 1000px) 54vw, (max-width: 1071px) 543px, 580px\" \/><\/figure>\n\n\n\n<figure class=\"wp-block-image size-large\"><img loading=\"lazy\" decoding=\"async\" width=\"1024\" height=\"768\" data-id=\"1609\" src=\"https:\/\/www.kloster-aiterhofen.de\/Wordpress\/k_wordpress\/wp-content\/uploads\/UDEN0897-1024x768.jpg\" alt=\"\" class=\"wp-image-1609\" srcset=\"http:\/\/www.kloster-aiterhofen.de\/Wordpress\/k_wordpress\/wp-content\/uploads\/UDEN0897-1024x768.jpg 1024w, http:\/\/www.kloster-aiterhofen.de\/Wordpress\/k_wordpress\/wp-content\/uploads\/UDEN0897-300x225.jpg 300w, http:\/\/www.kloster-aiterhofen.de\/Wordpress\/k_wordpress\/wp-content\/uploads\/UDEN0897-768x576.jpg 768w, http:\/\/www.kloster-aiterhofen.de\/Wordpress\/k_wordpress\/wp-content\/uploads\/UDEN0897-1536x1152.jpg 1536w, http:\/\/www.kloster-aiterhofen.de\/Wordpress\/k_wordpress\/wp-content\/uploads\/UDEN0897.jpg 1600w\" sizes=\"auto, (max-width: 767px) 89vw, (max-width: 1000px) 54vw, (max-width: 1071px) 543px, 580px\" \/><\/figure>\n<\/figure>\n\n\n\n<p>Unsere brasilianischen Schwestern und ihre Aktivit\u00e4ten finden Sie auch bei Instagram <a href=\"https:\/\/www.instagram.com\/franciscanasirmas\">www.instagram.com\/franciscanasirmas<\/a> <\/p>\n\n\n\n<p>und facebook ebenfalls: franciscanasirmas<\/p>\n\n\n\n<p><\/p>\n\n\n\n<p><\/p>\n","protected":false},"excerpt":{"rendered":"<p>auch auf Facecook oder Instagram Seit 1935 sind Schwestern in Brasilien t\u00e4tig, seit 1992 auch in Bolivien in vielf\u00e4ltigen Stationen und Aufgaben. Zum 90-j\u00e4hrigen Missionsjubil\u00e4um haben die Schwestern eine Niederlassung im Staat Par\u00e1, im Amazonasgebiet begonnen. Unsere brasilianischen Schwestern und ihre Aktivit\u00e4ten finden Sie auch bei Instagram www.instagram.com\/franciscanasirmas und facebook ebenfalls: franciscanasirmas<\/p>\n","protected":false},"author":1,"featured_media":0,"parent":0,"menu_order":0,"comment_status":"closed","ping_status":"closed","template":"","meta":{"footnotes":""},"class_list":["post-78","page","type-page","status-publish","hentry"],"_links":{"self":[{"href":"http:\/\/www.kloster-aiterhofen.de\/Wordpress\/k_wordpress\/wp-json\/wp\/v2\/pages\/78","targetHints":{"allow":["GET"]}}],"collection":[{"href":"http:\/\/www.kloster-aiterhofen.de\/Wordpress\/k_wordpress\/wp-json\/wp\/v2\/pages"}],"about":[{"href":"http:\/\/www.kloster-aiterhofen.de\/Wordpress\/k_wordpress\/wp-json\/wp\/v2\/types\/page"}],"author":[{"embeddable":true,"href":"http:\/\/www.kloster-aiterhofen.de\/Wordpress\/k_wordpress\/wp-json\/wp\/v2\/users\/1"}],"replies":[{"embeddable":true,"href":"http:\/\/www.kloster-aiterhofen.de\/Wordpress\/k_wordpress\/wp-json\/wp\/v2\/comments?post=78"}],"version-history":[{"count":16,"href":"http:\/\/www.kloster-aiterhofen.de\/Wordpress\/k_wordpress\/wp-json\/wp\/v2\/pages\/78\/revisions"}],"predecessor-version":[{"id":1622,"href":"http:\/\/www.kloster-aiterhofen.de\/Wordpress\/k_wordpress\/wp-json\/wp\/v2\/pages\/78\/revisions\/1622"}],"wp:attachment":[{"href":"http:\/\/www.kloster-aiterhofen.de\/Wordpress\/k_wordpress\/wp-json\/wp\/v2\/media?parent=78"}],"curies":[{"name":"wp","href":"https:\/\/api.w.org\/{rel}","templated":true}]}}