{"id":67,"date":"2015-11-17T14:13:23","date_gmt":"2015-11-17T13:13:23","guid":{"rendered":"http:\/\/www.kloster-aiterhofen.de\/Wordpress\/k_wordpress\/?page_id=67"},"modified":"2023-07-16T10:32:41","modified_gmt":"2023-07-16T08:32:41","slug":"unsere-taetigkeiten","status":"publish","type":"page","link":"http:\/\/www.kloster-aiterhofen.de\/Wordpress\/k_wordpress\/unsere-taetigkeiten\/","title":{"rendered":"Unsere T\u00e4tigkeiten"},"content":{"rendered":"<p>Unsere Gr\u00fcnderin Sr. Angela Fraundorfer wollte vor allem im Dienst des Evangeliums f\u00fcr Erziehung und Bildung <a href=\"http:\/\/www.kloster-aiterhofen.de\/Wordpress\/k_wordpress\/wp-content\/uploads\/2015\/11\/Bild8.jpg\"><img loading=\"lazy\" decoding=\"async\" class=\"alignright size-thumbnail wp-image-71\" src=\"http:\/\/www.kloster-aiterhofen.de\/Wordpress\/k_wordpress\/wp-content\/uploads\/2015\/11\/Bild8-150x150.jpg\" alt=\"Bild8\" width=\"150\" height=\"150\" \/><\/a>unehelicher M\u00e4dchen sorgen und alten Dienstboten einen sinnvollen und guten Lebensabend erm\u00f6glichen.<\/p>\n<p>So versuchen wir an dem Ort, wo wir stehen, unseren Auftrag zu erf\u00fcllen<\/p>\n<ul>\n<li>bei der Erziehung und Bildung von jungen Menschen in der Angela-Fraundorfer-Realschule f\u00fcr M\u00e4dchen <strong>und<\/strong> Buben<\/li>\n<li>bei der Ausbildung zu Pfleger\/innen (Altenpflege, Krankenpflege und Kinderkrankenpflege) und Pflegefachhelfer\/innen<\/li>\n<li>bei der k\u00fcnsterlischen Erstellung von Paramenten (Me\u00dfgew\u00e4ndern u. a.),\u00a0 Fahnen und anderen Kostbarkeiten<\/li>\n<li>in weiteren T\u00e4tigkeiten innerhalb der Gemeinschaft (Garten, W\u00e4sche, Krankenstation usw.) und den Erfordernissen der Zeit entsprechend<\/li>\n<li>in Brasilien und Bolivien mit den \u00c4rmsten an sozialen Brennpunkten<\/li>\n<\/ul>\n<p>Eine weitere wichtige Aufgabe ist (besonders f\u00fcr nicht mehr aktive Schwestern)<\/p>\n<ul>\n<li>stellvertretendes Gebet f\u00fcr die Anliegen der Kirche und der Welt<\/li>\n<li>Gebet in N\u00f6ten und Anliegen, die uns anvertraut werden<\/li>\n<\/ul>\n","protected":false},"excerpt":{"rendered":"<p>Unsere Gr\u00fcnderin Sr. Angela Fraundorfer wollte vor allem im Dienst des Evangeliums f\u00fcr Erziehung und Bildung unehelicher M\u00e4dchen sorgen und alten Dienstboten einen sinnvollen und guten Lebensabend erm\u00f6glichen. So versuchen wir an dem Ort, wo wir stehen, unseren Auftrag zu erf\u00fcllen bei der Erziehung und Bildung von jungen Menschen in der Angela-Fraundorfer-Realschule f\u00fcr M\u00e4dchen und &hellip; <\/p>\n<p class=\"link-more\"><a href=\"http:\/\/www.kloster-aiterhofen.de\/Wordpress\/k_wordpress\/unsere-taetigkeiten\/\" class=\"more-link\"><span class=\"screen-reader-text\">\u201eUnsere T\u00e4tigkeiten\u201c<\/span> weiterlesen<\/a><\/p>\n","protected":false},"author":1,"featured_media":0,"parent":0,"menu_order":0,"comment_status":"closed","ping_status":"closed","template":"","meta":{"footnotes":""},"class_list":["post-67","page","type-page","status-publish","hentry"],"_links":{"self":[{"href":"http:\/\/www.kloster-aiterhofen.de\/Wordpress\/k_wordpress\/wp-json\/wp\/v2\/pages\/67","targetHints":{"allow":["GET"]}}],"collection":[{"href":"http:\/\/www.kloster-aiterhofen.de\/Wordpress\/k_wordpress\/wp-json\/wp\/v2\/pages"}],"about":[{"href":"http:\/\/www.kloster-aiterhofen.de\/Wordpress\/k_wordpress\/wp-json\/wp\/v2\/types\/page"}],"author":[{"embeddable":true,"href":"http:\/\/www.kloster-aiterhofen.de\/Wordpress\/k_wordpress\/wp-json\/wp\/v2\/users\/1"}],"replies":[{"embeddable":true,"href":"http:\/\/www.kloster-aiterhofen.de\/Wordpress\/k_wordpress\/wp-json\/wp\/v2\/comments?post=67"}],"version-history":[{"count":6,"href":"http:\/\/www.kloster-aiterhofen.de\/Wordpress\/k_wordpress\/wp-json\/wp\/v2\/pages\/67\/revisions"}],"predecessor-version":[{"id":1397,"href":"http:\/\/www.kloster-aiterhofen.de\/Wordpress\/k_wordpress\/wp-json\/wp\/v2\/pages\/67\/revisions\/1397"}],"wp:attachment":[{"href":"http:\/\/www.kloster-aiterhofen.de\/Wordpress\/k_wordpress\/wp-json\/wp\/v2\/media?parent=67"}],"curies":[{"name":"wp","href":"https:\/\/api.w.org\/{rel}","templated":true}]}}