{"id":51,"date":"2015-11-17T13:56:00","date_gmt":"2015-11-17T12:56:00","guid":{"rendered":"http:\/\/www.kloster-aiterhofen.de\/Wordpress\/k_wordpress\/?page_id=51"},"modified":"2023-07-16T10:33:33","modified_gmt":"2023-07-16T08:33:33","slug":"ordensgemeinschaft","status":"publish","type":"page","link":"http:\/\/www.kloster-aiterhofen.de\/Wordpress\/k_wordpress\/ordensgemeinschaft\/","title":{"rendered":"Unser Orden"},"content":{"rendered":"<p>Unserer Gemeinschaft geh\u00f6ren zur Zeit 24 deutsche Schwestern an (2 davon leben in Brasilien) und ca. 43 Schwestern in Brasilien und Bolivien. Nach dem Gr\u00fcndungsauftrag f\u00fchlen wir uns besonders der Erziehung und Bildung verpflichtet und der Sorge f\u00fcr Notleidende, alte und kranke Menschen.<\/p>\n<p>\u00a0<\/p>\n\n<div class=\"wp-block-image is-style-default\">\n<figure class=\"aligncenter size-medium\"><img loading=\"lazy\" decoding=\"async\" width=\"300\" height=\"247\" src=\"http:\/\/www.kloster-aiterhofen.de\/Wordpress\/k_wordpress\/wp-content\/uploads\/w02-300x247.jpg\" alt=\"\" class=\"wp-image-1163\" srcset=\"http:\/\/www.kloster-aiterhofen.de\/Wordpress\/k_wordpress\/wp-content\/uploads\/w02-300x247.jpg 300w, http:\/\/www.kloster-aiterhofen.de\/Wordpress\/k_wordpress\/wp-content\/uploads\/w02-1024x842.jpg 1024w, http:\/\/www.kloster-aiterhofen.de\/Wordpress\/k_wordpress\/wp-content\/uploads\/w02-768x631.jpg 768w, http:\/\/www.kloster-aiterhofen.de\/Wordpress\/k_wordpress\/wp-content\/uploads\/w02.jpg 1091w\" sizes=\"auto, (max-width: 300px) 100vw, 300px\" \/><figcaption class=\"wp-element-caption\">              Generaloberin Sr. Maria Kreiner und <br>                    Provinzoberin Ir. Cida Munarini <\/figcaption><\/figure>\n<\/div>\n\n\n<p class=\"has-text-align-center\"><\/p>\n","protected":false},"excerpt":{"rendered":"<p>Unserer Gemeinschaft geh\u00f6ren zur Zeit 24 deutsche Schwestern an (2 davon leben in Brasilien) und ca. 43 Schwestern in Brasilien und Bolivien. Nach dem Gr\u00fcndungsauftrag f\u00fchlen wir uns besonders der Erziehung und Bildung verpflichtet und der Sorge f\u00fcr Notleidende, alte und kranke Menschen. \u00a0<\/p>\n","protected":false},"author":1,"featured_media":0,"parent":0,"menu_order":3,"comment_status":"closed","ping_status":"closed","template":"","meta":{"footnotes":""},"class_list":["post-51","page","type-page","status-publish","hentry"],"_links":{"self":[{"href":"http:\/\/www.kloster-aiterhofen.de\/Wordpress\/k_wordpress\/wp-json\/wp\/v2\/pages\/51","targetHints":{"allow":["GET"]}}],"collection":[{"href":"http:\/\/www.kloster-aiterhofen.de\/Wordpress\/k_wordpress\/wp-json\/wp\/v2\/pages"}],"about":[{"href":"http:\/\/www.kloster-aiterhofen.de\/Wordpress\/k_wordpress\/wp-json\/wp\/v2\/types\/page"}],"author":[{"embeddable":true,"href":"http:\/\/www.kloster-aiterhofen.de\/Wordpress\/k_wordpress\/wp-json\/wp\/v2\/users\/1"}],"replies":[{"embeddable":true,"href":"http:\/\/www.kloster-aiterhofen.de\/Wordpress\/k_wordpress\/wp-json\/wp\/v2\/comments?post=51"}],"version-history":[{"count":8,"href":"http:\/\/www.kloster-aiterhofen.de\/Wordpress\/k_wordpress\/wp-json\/wp\/v2\/pages\/51\/revisions"}],"predecessor-version":[{"id":1398,"href":"http:\/\/www.kloster-aiterhofen.de\/Wordpress\/k_wordpress\/wp-json\/wp\/v2\/pages\/51\/revisions\/1398"}],"wp:attachment":[{"href":"http:\/\/www.kloster-aiterhofen.de\/Wordpress\/k_wordpress\/wp-json\/wp\/v2\/media?parent=51"}],"curies":[{"name":"wp","href":"https:\/\/api.w.org\/{rel}","templated":true}]}}