{"id":44,"date":"2015-11-17T09:49:18","date_gmt":"2015-11-17T08:49:18","guid":{"rendered":"http:\/\/www.kloster-aiterhofen.de\/Wordpress\/k_wordpress\/?page_id=44"},"modified":"2023-07-16T10:24:04","modified_gmt":"2023-07-16T08:24:04","slug":"paramentenstickerei","status":"publish","type":"page","link":"http:\/\/www.kloster-aiterhofen.de\/Wordpress\/k_wordpress\/paramentenstickerei\/","title":{"rendered":"Paramentenstickerei\/Fahnenstickerei"},"content":{"rendered":"<p><strong>Kostbarkeiten von Hand gemacht<a href=\"http:\/\/www.kloster-aiterhofen.de\/stickerei\"><img loading=\"lazy\" decoding=\"async\" class=\"alignright size-thumbnail wp-image-48\" src=\"http:\/\/www.kloster-aiterhofen.de\/Wordpress\/k_wordpress\/wp-content\/uploads\/2015\/11\/franz-150x150.jpg\" alt=\"franz\" width=\"150\" height=\"150\" \/><\/a><\/strong><\/p>\n<p>In unserem Haus werden in einer Fahnen- und Paramentenstickerei kostbare\u00a0 Messgew\u00e4nder, Stolen, Altart\u00fccher, Vereinsfahnen und auch Stickereien f\u00fcr Gew\u00e4nder (Trachten, Brautkleider u. \u00e4.) in <strong>Handarbeit <\/strong>angefertigt. Jedes St\u00fcck ist ein Unikat und wird individuell entworfen, gezeichnet und gestickt.<\/p>\n<p>In der N\u00e4herei werden die gestickten Kostbarkeiten fertiggestellt. Hier werden auch Ministrantengew\u00e4nder, Kommunionkleider, Priestertalare und Alben verschiedenster Art hergestellt.<\/p>\n<p>Wir fertigen auch spezielle Auftr\u00e4ge wie z. B. Pluviale f\u00fcr Papst Benedikt, eine Kirchenfahne (8 m) mit Papstwappen f\u00fcr die Seligsprechung von Eustachius Kugler und vieles andere.<\/p>\n<p>Bilder von gefertigten Paramenten und Fahnen <strong><a href=\"http:\/\/stickerei.kloster-aiterhofen.de\">finden Sie auf dieser Website.<\/a><\/strong><\/p>\n","protected":false},"excerpt":{"rendered":"<p>Kostbarkeiten von Hand gemacht In unserem Haus werden in einer Fahnen- und Paramentenstickerei kostbare\u00a0 Messgew\u00e4nder, Stolen, Altart\u00fccher, Vereinsfahnen und auch Stickereien f\u00fcr Gew\u00e4nder (Trachten, Brautkleider u. \u00e4.) in Handarbeit angefertigt. Jedes St\u00fcck ist ein Unikat und wird individuell entworfen, gezeichnet und gestickt. In der N\u00e4herei werden die gestickten Kostbarkeiten fertiggestellt. Hier werden auch Ministrantengew\u00e4nder, Kommunionkleider, &hellip; <\/p>\n<p class=\"link-more\"><a href=\"http:\/\/www.kloster-aiterhofen.de\/Wordpress\/k_wordpress\/paramentenstickerei\/\" class=\"more-link\"><span class=\"screen-reader-text\">\u201eParamentenstickerei\/Fahnenstickerei\u201c<\/span> weiterlesen<\/a><\/p>\n","protected":false},"author":1,"featured_media":0,"parent":0,"menu_order":0,"comment_status":"closed","ping_status":"closed","template":"","meta":{"footnotes":""},"class_list":["post-44","page","type-page","status-publish","hentry"],"_links":{"self":[{"href":"http:\/\/www.kloster-aiterhofen.de\/Wordpress\/k_wordpress\/wp-json\/wp\/v2\/pages\/44","targetHints":{"allow":["GET"]}}],"collection":[{"href":"http:\/\/www.kloster-aiterhofen.de\/Wordpress\/k_wordpress\/wp-json\/wp\/v2\/pages"}],"about":[{"href":"http:\/\/www.kloster-aiterhofen.de\/Wordpress\/k_wordpress\/wp-json\/wp\/v2\/types\/page"}],"author":[{"embeddable":true,"href":"http:\/\/www.kloster-aiterhofen.de\/Wordpress\/k_wordpress\/wp-json\/wp\/v2\/users\/1"}],"replies":[{"embeddable":true,"href":"http:\/\/www.kloster-aiterhofen.de\/Wordpress\/k_wordpress\/wp-json\/wp\/v2\/comments?post=44"}],"version-history":[{"count":7,"href":"http:\/\/www.kloster-aiterhofen.de\/Wordpress\/k_wordpress\/wp-json\/wp\/v2\/pages\/44\/revisions"}],"predecessor-version":[{"id":1391,"href":"http:\/\/www.kloster-aiterhofen.de\/Wordpress\/k_wordpress\/wp-json\/wp\/v2\/pages\/44\/revisions\/1391"}],"wp:attachment":[{"href":"http:\/\/www.kloster-aiterhofen.de\/Wordpress\/k_wordpress\/wp-json\/wp\/v2\/media?parent=44"}],"curies":[{"name":"wp","href":"https:\/\/api.w.org\/{rel}","templated":true}]}}