{"id":245,"date":"2016-09-23T19:32:42","date_gmt":"2016-09-23T17:32:42","guid":{"rendered":"http:\/\/www.kloster-aiterhofen.de\/Wordpress\/k_wordpress\/?page_id=245"},"modified":"2023-07-16T10:15:49","modified_gmt":"2023-07-16T08:15:49","slug":"franziskanisches-jugendhaus1","status":"publish","type":"page","link":"http:\/\/www.kloster-aiterhofen.de\/Wordpress\/k_wordpress\/franziskanisches-jugendhaus1\/","title":{"rendered":"Franziskanisches Jugendhaus"},"content":{"rendered":"<figure id=\"attachment_166\" aria-describedby=\"caption-attachment-166\" style=\"width: 400px\" class=\"wp-caption alignright\"><img loading=\"lazy\" decoding=\"async\" class=\"wp-image-166 size-full\" src=\"http:\/\/www.kloster-aiterhofen.de\/Wordpress\/k_wordpress\/wp-content\/uploads\/P1320026-e1475152742955.jpg\" alt=\"Garten im Jugendhaus\" width=\"400\" height=\"300\" \/><figcaption id=\"caption-attachment-166\" class=\"wp-caption-text\">Franziskanisches Jugendhaus mit Sonnengesangsgarten<\/figcaption><\/figure>\n<p>Das Franziskanische Jugendhaus war fr\u00fcher lange Jahre Internat und ist inzwischen gr\u00f6\u00dftenteils an den MHD vermietet. Der MHD betreibt inzwischen das Haus\u00a0 als &#8222;Bildungshaus St. Joseph&#8220;.<br \/>\nF\u00fcr Einzelg\u00e4ste, Sch\u00fcleraustausch usw. ist noch ein kleiner Bereich verf\u00fcgbar.<br \/>\nInfos erhalten Sie auch unter ordensleitung@kloster-aiterhofen.de<\/p>\n","protected":false},"excerpt":{"rendered":"<p>Das Franziskanische Jugendhaus war fr\u00fcher lange Jahre Internat und ist inzwischen gr\u00f6\u00dftenteils an den MHD vermietet. Der MHD betreibt inzwischen das Haus\u00a0 als &#8222;Bildungshaus St. Joseph&#8220;. F\u00fcr Einzelg\u00e4ste, Sch\u00fcleraustausch usw. ist noch ein kleiner Bereich verf\u00fcgbar. Infos erhalten Sie auch unter ordensleitung@kloster-aiterhofen.de<\/p>\n","protected":false},"author":1,"featured_media":0,"parent":0,"menu_order":0,"comment_status":"closed","ping_status":"closed","template":"","meta":{"footnotes":""},"class_list":["post-245","page","type-page","status-publish","hentry"],"_links":{"self":[{"href":"http:\/\/www.kloster-aiterhofen.de\/Wordpress\/k_wordpress\/wp-json\/wp\/v2\/pages\/245","targetHints":{"allow":["GET"]}}],"collection":[{"href":"http:\/\/www.kloster-aiterhofen.de\/Wordpress\/k_wordpress\/wp-json\/wp\/v2\/pages"}],"about":[{"href":"http:\/\/www.kloster-aiterhofen.de\/Wordpress\/k_wordpress\/wp-json\/wp\/v2\/types\/page"}],"author":[{"embeddable":true,"href":"http:\/\/www.kloster-aiterhofen.de\/Wordpress\/k_wordpress\/wp-json\/wp\/v2\/users\/1"}],"replies":[{"embeddable":true,"href":"http:\/\/www.kloster-aiterhofen.de\/Wordpress\/k_wordpress\/wp-json\/wp\/v2\/comments?post=245"}],"version-history":[{"count":10,"href":"http:\/\/www.kloster-aiterhofen.de\/Wordpress\/k_wordpress\/wp-json\/wp\/v2\/pages\/245\/revisions"}],"predecessor-version":[{"id":1383,"href":"http:\/\/www.kloster-aiterhofen.de\/Wordpress\/k_wordpress\/wp-json\/wp\/v2\/pages\/245\/revisions\/1383"}],"wp:attachment":[{"href":"http:\/\/www.kloster-aiterhofen.de\/Wordpress\/k_wordpress\/wp-json\/wp\/v2\/media?parent=245"}],"curies":[{"name":"wp","href":"https:\/\/api.w.org\/{rel}","templated":true}]}}